{"id":13,"date":"2023-07-09T04:56:18","date_gmt":"2023-07-09T04:56:18","guid":{"rendered":"https:\/\/www.princessesarah.com\/?page_id=13"},"modified":"2023-07-10T01:59:48","modified_gmt":"2023-07-10T01:59:48","slug":"home","status":"publish","type":"page","link":"https:\/\/www.princessesarah.com\/","title":{"rendered":"ACCUEIL"},"content":{"rendered":"\n<p> <\/p>\n\n\n\n<p><p style=\"font-size:18px;\">Bienvenue dans ma boutique au 2 avenue Pasteur \u00e0 Saint-Martin-du-Var.Je vous accueille du lundi au vendredi 9h-12h et 14h-19h ainsi que le samedi 9h-12h.<br><br> Je vous propose un service de retouche, vente de produit de mercerie, loisirs cr\u00e9atifs, laine et tricot ainsi que de la broderie personnalis\u00e9e sur des accessoires tel que sac, chapeau, pochette, casquette, bob et pour b\u00e9b\u00e9s bavoir, doudou plat et peluche. Pour les professionnels un service de broderie sur les v\u00eatements et accessoires personnalisables avec votre logo. H\u00e2te de vous retrouver !<\/p><\/p>\n\n\n\n<figure class=\"wp-block-image aligncenter size-large\" style=\"width:100%;\"><img decoding=\"async\" src=\"https:\/\/www.princessesarah.com\/wp-content\/uploads\/2023\/07\/image-000-1024x754.jpg\" alt=\"\" class=\"wp-image-31\" width=\"100%\" srcset=\"https:\/\/www.princessesarah.com\/wp-content\/uploads\/2023\/07\/image-000-1024x754.jpg 1024w, https:\/\/www.princessesarah.com\/wp-content\/uploads\/2023\/07\/image-000-300x221.jpg 300w, https:\/\/www.princessesarah.com\/wp-content\/uploads\/2023\/07\/image-000-768x566.jpg 768w, https:\/\/www.princessesarah.com\/wp-content\/uploads\/2023\/07\/image-000-1536x1131.jpg 1536w, https:\/\/www.princessesarah.com\/wp-content\/uploads\/2023\/07\/image-000-1320x972.jpg 1320w, https:\/\/www.princessesarah.com\/wp-content\/uploads\/2023\/07\/image-000-600x442.jpg 600w, https:\/\/www.princessesarah.com\/wp-content\/uploads\/2023\/07\/image-000.jpg 2048w\" sizes=\"(max-width: 1024px) 100vw, 1024px\" \/><\/figure>\n","protected":false},"excerpt":{"rendered":"<p>Bienvenue dans ma boutique au 2 avenue Pasteur \u00e0 Saint-Martin-du-Var.Je vous accueille du lundi au vendredi 9h-12h et 14h-19h ainsi que le samedi 9h-12h. Je vous propose un service de retouche, vente de produit de mercerie, loisirs cr\u00e9atifs, laine et tricot ainsi que de la broderie personnalis\u00e9e sur des accessoires tel que sac, chapeau, pochette,&hellip;<\/p>\n<p class=\"more-link\"><a href=\"https:\/\/www.princessesarah.com\/\" class=\"themebutton\">Read More<\/a><\/p>\n","protected":false},"author":1,"featured_media":0,"parent":0,"menu_order":0,"comment_status":"closed","ping_status":"closed","template":"","meta":{"footnotes":""},"class_list":["post-13","page","type-page","status-publish","hentry"],"_links":{"self":[{"href":"https:\/\/www.princessesarah.com\/index.php?rest_route=\/wp\/v2\/pages\/13","targetHints":{"allow":["GET"]}}],"collection":[{"href":"https:\/\/www.princessesarah.com\/index.php?rest_route=\/wp\/v2\/pages"}],"about":[{"href":"https:\/\/www.princessesarah.com\/index.php?rest_route=\/wp\/v2\/types\/page"}],"author":[{"embeddable":true,"href":"https:\/\/www.princessesarah.com\/index.php?rest_route=\/wp\/v2\/users\/1"}],"replies":[{"embeddable":true,"href":"https:\/\/www.princessesarah.com\/index.php?rest_route=%2Fwp%2Fv2%2Fcomments&post=13"}],"version-history":[{"count":10,"href":"https:\/\/www.princessesarah.com\/index.php?rest_route=\/wp\/v2\/pages\/13\/revisions"}],"predecessor-version":[{"id":52,"href":"https:\/\/www.princessesarah.com\/index.php?rest_route=\/wp\/v2\/pages\/13\/revisions\/52"}],"wp:attachment":[{"href":"https:\/\/www.princessesarah.com\/index.php?rest_route=%2Fwp%2Fv2%2Fmedia&parent=13"}],"curies":[{"name":"wp","href":"https:\/\/api.w.org\/{rel}","templated":true}]}}